{"id":1761,"date":"2022-02-14T10:53:31","date_gmt":"2022-02-14T10:53:31","guid":{"rendered":"https:\/\/kieserling.lit-webhosting.gridventures.de\/kontakt\/"},"modified":"2025-11-05T09:21:46","modified_gmt":"2025-11-05T09:21:46","slug":"kontakt","status":"publish","type":"page","link":"https:\/\/kieserling.de\/en\/kontakt\/","title":{"rendered":"Kontakt"},"content":{"rendered":"<h2><strong>SO ERREICHEN SIE UNS!<\/strong><\/h2>\n<p><a href=\"#\">Nach oben<\/a><\/p>\n<p><img decoding=\"async\" data-src=\"\/wp-content\/uploads\/2023\/06\/kieserling_karte_2-Kopie.svg\" alt=\"\" src=\"data:image\/gif;base64,R0lGODlhAQABAAAAACH5BAEKAAEALAAAAAABAAEAAAICTAEAOw==\" class=\"lazyload\"><noscript><img decoding=\"async\" src=\"\/wp-content\/uploads\/2023\/06\/kieserling_karte_2-Kopie.svg\" alt=\"\"><\/noscript><\/p>\n<div>\n<p>    <img decoding=\"async\" data-src=\"\/wp-content\/uploads\/2023\/06\/LOGO-Kieserling.png\" alt=\"\" src=\"data:image\/gif;base64,R0lGODlhAQABAAAAACH5BAEKAAEALAAAAAABAAEAAAICTAEAOw==\" class=\"lazyload\" style=\"--smush-placeholder-width: 345px; --smush-placeholder-aspect-ratio: 345\/94;\"><noscript><img decoding=\"async\" src=\"\/wp-content\/uploads\/2023\/06\/LOGO-Kieserling.png\" alt=\"\"><\/noscript><\/p>\n<div>\n<p><strong>Kieserling Contract &amp; Logistics GmbH<br \/><\/strong><span>Heidenkampsweg 44 \u2013 46<br \/><\/span><span>20097 Hamburg<\/span><\/p>\n<\/div>\n<\/div>\n<div>\n<p><strong>Kieserling Contract &amp; Logistics GmbH<br \/><\/strong><span>Sachsen Str. 9<br \/><\/span><span>20097 Hamburg<\/span><\/p>\n<p><span>Tel: +49 (40) 2383079 10<br \/>Tel: +49 176-11112800<br \/><\/span><span>Email:<a href=\"mailto:Info_KCL@Kieserling.com\"> Info_KCL@Kieserling.com<\/a><\/span><\/p>\n<\/div>\n<div>\n<p><img decoding=\"async\" data-src=\"\/wp-content\/uploads\/2023\/06\/kieserling_ansprechpartner_2.jpg\" alt=\"\" src=\"data:image\/gif;base64,R0lGODlhAQABAAAAACH5BAEKAAEALAAAAAABAAEAAAICTAEAOw==\" class=\"lazyload\" style=\"--smush-placeholder-width: 628px; --smush-placeholder-aspect-ratio: 628\/709;\"><noscript><img decoding=\"async\" src=\"\/wp-content\/uploads\/2023\/06\/kieserling_ansprechpartner_2.jpg\" alt=\"\"><\/noscript><\/p>\n<h3>Ehsan Fard<\/h3>\n<p>Gesch\u00e4ftsf\u00fchrer<\/p>\n<\/div>\n<h2>KIESERLING CONTRACT &amp; LOGISTICS<\/h2>\n<div>Sie m\u00f6chten mehr erfahren? Nutzen Sie unser Kontaktformular.<\/div>\n<div>\n\n<div class=\"wpcf7 no-js\" id=\"wpcf7-f182-o1\" lang=\"de-DE\" dir=\"ltr\">\n<div class=\"screen-reader-response\"><p role=\"status\" aria-live=\"polite\" aria-atomic=\"true\"><\/p> <ul><\/ul><\/div>\n<form action=\"\/en\/wp-json\/wp\/v2\/pages\/1761#wpcf7-f182-o1\" method=\"post\" class=\"wpcf7-form init\" id=\"contact-form-7\" aria-label=\"Kontaktformular\" novalidate=\"novalidate\" data-status=\"init\">\n<div style=\"display: none;\">\n<input type=\"hidden\" name=\"_wpcf7\" value=\"182\" \/>\n<input type=\"hidden\" name=\"_wpcf7_version\" value=\"5.9.5\" \/>\n<input type=\"hidden\" name=\"_wpcf7_locale\" value=\"de_DE\" \/>\n<input type=\"hidden\" name=\"_wpcf7_unit_tag\" value=\"wpcf7-f182-o1\" \/>\n<input type=\"hidden\" name=\"_wpcf7_container_post\" value=\"0\" \/>\n<input type=\"hidden\" name=\"_wpcf7_posted_data_hash\" value=\"\" \/>\n<\/div>\n<p><label> <span class=\"wpcf7-form-control-wrap\" data-name=\"your-name\"><input size=\"40\" class=\"wpcf7-form-control wpcf7-text wpcf7-validates-as-required\" aria-required=\"true\" aria-invalid=\"false\" placeholder=\"Vorname, Name\" value=\"\" type=\"text\" name=\"your-name\" \/><\/span> <\/label>\n<\/p>\n<p><label> <span class=\"wpcf7-form-control-wrap\" data-name=\"your-email\"><input size=\"40\" class=\"wpcf7-form-control wpcf7-email wpcf7-validates-as-required wpcf7-text wpcf7-validates-as-email\" aria-required=\"true\" aria-invalid=\"false\" placeholder=\"Ihre E-Mail Adresse\" value=\"\" type=\"email\" name=\"your-email\" \/><\/span> <\/label>\n<\/p>\n<p><label> <span class=\"wpcf7-form-control-wrap\" data-name=\"your-message\"><textarea cols=\"40\" rows=\"10\" class=\"wpcf7-form-control wpcf7-textarea wpcf7-validates-as-required\" aria-required=\"true\" aria-invalid=\"false\" placeholder=\"Ihre Nachricht\" name=\"your-message\"><\/textarea><\/span> <\/label>\n<\/p>\n<p><label>L\u00f6se die Rechenaufgabe<br \/>\n<span class=\"wpcf7-form-control-wrap\" data-name=\"quiz-check\"><label><span class=\"wpcf7-quiz-label\">10-6=<\/span> <input size=\"40\" class=\"wpcf7-form-control wpcf7-quiz\" autocomplete=\"off\" aria-required=\"true\" aria-invalid=\"false\" type=\"text\" name=\"quiz-check\" \/><\/label><input type=\"hidden\" name=\"_wpcf7_quiz_answer_quiz-check\" value=\"7af5f07a4d6134a633a2c74926616e15\" \/><\/span><\/label>\n<\/p>\n<p><span class=\"wpcf7-form-control-wrap\" data-name=\"checkbox-833\"><span class=\"wpcf7-form-control wpcf7-checkbox wpcf7-validates-as-required\"><span class=\"wpcf7-list-item first last\"><label><input type=\"checkbox\" name=\"checkbox-833[]\" value=\"Durch das Anklicken des Buttons \u201eSenden\u201c erkl\u00e4re ich mich damit einverstanden, dass die Kieserling Contract &amp; Logistics GmbH mit mir Kontakt per E-Mail oder Telefon aufnimmt. Meine Einwilligung kann ich jederzeit gegen\u00fcber der Kieserling Contract &amp; Logistics GmbH widerrufen. Mehr Informationen finden Sie auf unserer Datenschutz-Seite.\" \/><span class=\"wpcf7-list-item-label\">Durch das Anklicken des Buttons \u201eSenden\u201c erkl\u00e4re ich mich damit einverstanden, dass die Kieserling Contract &amp; Logistics GmbH mit mir Kontakt per E-Mail oder Telefon aufnimmt. Meine Einwilligung kann ich jederzeit gegen\u00fcber der Kieserling Contract &amp; Logistics GmbH widerrufen. Mehr Informationen finden Sie auf unserer Datenschutz-Seite.<\/span><\/label><\/span><\/span><\/span>\n<\/p><div class=\"wpcf7-response-output\" aria-hidden=\"true\"><\/div>\n<\/form>\n<\/div>\n\n<\/div>\n<div>\n<p>    <button form=\"contact-form-7\" type=\"submit\" class=\"el-content uk-button uk-button-secondary\"><br \/>\n    Senden<br \/>\n<\/button>\n<\/div>\n<p><!--more--><br \/>\n<!-- {\"children\":[{\"type\":\"section\",\"props\":{\"image_position\":\"center-center\",\"padding_remove_bottom\":true,\"style\":\"default\",\"title_breakpoint\":\"xl\",\"title_position\":\"top-left\",\"title_rotation\":\"left\",\"vertical_align\":\"\",\"width\":\"default\"},\"children\":[{\"type\":\"row\",\"children\":[{\"type\":\"column\",\"props\":{\"image_position\":\"center-center\",\"position_sticky_breakpoint\":\"m\"},\"children\":[{\"type\":\"headline\",\"props\":{\"animation\":\"slide-bottom-small\",\"content\":\"<strong>SO ERREICHEN SIE UNS!<\\\/strong>\",\"margin\":\"default\",\"margin_remove_bottom\":true,\"margin_remove_top\":false,\"title_color\":\"primary\",\"title_element\":\"h2\",\"title_style\":\"h1\"}}]}]}]},{\"type\":\"section\",\"props\":{\"image_position\":\"center-center\",\"style\":\"default\",\"title_breakpoint\":\"xl\",\"title_position\":\"top-left\",\"title_rotation\":\"left\",\"vertical_align\":\"middle\",\"width\":\"default\"},\"children\":[{\"type\":\"row\",\"children\":[{\"type\":\"column\",\"props\":{\"image_position\":\"center-center\",\"position_sticky_breakpoint\":\"m\"},\"children\":[{\"type\":\"nav\",\"props\":{\"class\":\"floating-menu inverted is-fixed\",\"css\":\".el-element {\\n\\tposition: absolute;\\n    top: 60vh;\\n    z-index: 150;\\n    left: -16px;\\n    display: inline-block;\\n    max-width: 200px;\\n}\\n\\n.el-element.is-fixed {\\n\\tposition: fixed;\\n    top: 100px;\\n    left: 34px;\\n}\\n\\n.el-item {\\n    position: relative;\\n    background: #46712a;\\n    margin-bottom: 16px;\\n    font-size: 13px;\\n    transition: background 250ms;\\n}\\n\\n.el-item:before {\\n\\tposition: absolute;\\n    top: -16px;\\n    left: 0;\\n    content: \\\"\\\";\\n    background: #46712a;\\n    width: 16px;\\n    height: 16px;\\n    clip-path: polygon(100% 29%, 0% 100%, 100% 100%);\\n    transition: background 250ms;\\n}\\n\\n.el-item.uk-active {\\n\\tbackground: #46712a;\\n}\\n\\n.el-item.uk-active:before {\\n\\tbackground: #375623;\\n}\\n\\n.el-item:hover {\\n\\tbackground: #7da93a;\\n}\\n\\n.el-item:hover:before {\\n\\tbackground: #6a9824;\\n}\\n\\n.el-link {\\n\\tcolor: #fff;\\n    padding: 7px 10px;\\n    padding-top: 9px;\\n    padding-right: 16px;\\n    font-weight: bold;\\n    transition: all 300ms;\\n}\\n\\n@media screen and (max-width: 1700px) {\\n    .el-element:not(.inverted) {\\n    \\tmax-width: 40px;\\n        transition: max-width 300ms;\\n    }\\n    \\n    .el-element:not(.inverted):hover {\\n    \\tmax-width: 200px;\\n    }\\n    \\n    .el-element:not(.inverted) .el-item .el-link {\\n        opacity: 0;\\n        transform: translatex(-12px);\\n    }\\n\\n    .el-element:not(.inverted):hover .el-item .el-link {\\n    \\topacity: 1;\\n        transform: translatex(0);\\n    }\\n}\\n\\n@media screen and (max-width: 959px) {\\n    .el-element {\\n    \\tdisplay: none;\\n    }\\n    .el-element.inverted {\\n    \\tdisplay: none;\\n    }\\n}\\n\\n@media screen and (min-width: 2020px) {\\n    .el-element.is-fixed {\\n    \\tleft: calc((100vw - (100vw - 100%) - 2020px) \\\/ 2 + 35px);\\n    }\\n    .el-element.inverted.is-fixed {\\n    \\tright: calc((100vw - (100vw - 100%) - 2020px) \\\/ 2 + 35px);\\n    }\\n}\\n\\n.el-element.inverted {\\n\\tleft: unset;\\n    top: unset;\\n    bottom: 32px;\\n    right: 34px;\\n}\\n\\n.el-element.inverted .el-item:before {\\n\\tleft: unset;\\n\\tright: 0;\\n    clip-path: polygon(0 29%, 0% 100%, 100% 100%);\\n}\",\"grid\":\"1\",\"image_vertical_align\":true,\"nav_style\":\"default\",\"show_image\":true,\"show_meta\":true},\"children\":[{\"type\":\"nav_item\",\"props\":{\"content\":\"Nach oben\",\"link\":\"#\"}}],\"name\":\"To Top Button\"}]}]}]},{\"type\":\"section\",\"props\":{\"image_position\":\"center-center\",\"padding_remove_bottom\":false,\"style\":\"default\",\"title_breakpoint\":\"xl\",\"title_position\":\"top-left\",\"title_rotation\":\"left\",\"vertical_align\":\"\",\"width\":\"small\"},\"children\":[{\"type\":\"row\",\"children\":[{\"type\":\"column\",\"props\":{\"image_position\":\"center-center\",\"position_sticky_breakpoint\":\"m\",\"width_medium\":\"1-2\"},\"children\":[{\"type\":\"popover\",\"props\":{\"background_image\":\"wp-content\\\/uploads\\\/2023\\\/06\\\/kieserling_karte_2-Kopie.svg\",\"background_image_width\":\"230\",\"card_style\":\"default\",\"drop_mode\":\"hover\",\"drop_position\":\"right-center\",\"icon\":\"plus\",\"image_card_padding\":true,\"image_svg_color\":\"emphasis\",\"image_width\":\"200\",\"link_style\":\"default\",\"link_text\":\"Read more\",\"margin\":\"default\",\"marker_color\":\"light\",\"meta_align\":\"below-title\",\"meta_element\":\"div\",\"meta_style\":\"text-meta\",\"show_content\":true,\"show_image\":true,\"show_link\":true,\"show_meta\":true,\"show_title\":true,\"text_align\":\"center\",\"title_element\":\"h3\",\"title_hover_style\":\"reset\",\"visibility\":\"s\"},\"children\":[{\"type\":\"popover_item\",\"props\":{\"content\":\"\n\n<p><strong>Kieserling Contract &amp; Logistics GmbH<br \\\/><\\\/strong><span>Heidenkampsweg 44 \\u2013 46<br \\\/><\\\/span><span>20097 Hamburg<\\\/span><\\\/p>\",\"image\":\"wp-content\\\/uploads\\\/2023\\\/06\\\/LOGO-Kieserling.png\",\"position_x\":\"46\",\"position_y\":\"20\"}}]},{\"type\":\"text\",\"props\":{\"column_breakpoint\":\"m\",\"content\":\"\n\n<p><strong>Kieserling Contract &amp; Logistics GmbH<br \\\/><\\\/strong><span>Sachsen Str. 9<br \\\/><\\\/span><span>20097 Hamburg<\\\/span><\\\/p>\\n\n\n<p><span>Tel: +49 (40) 2383079 10<br \\\/>Tel: +49 176-11112800<br \\\/><\\\/span><span>Email:<a href=\\\"mailto:Info_KCL@Kieserling.com\\\"> Info_KCL@Kieserling.com<\\\/a><\\\/span><\\\/p>\",\"margin\":\"default\",\"text_align\":\"center\",\"text_style\":\"lead\"}}]},{\"type\":\"column\",\"props\":{\"image_position\":\"center-center\",\"position_sticky_breakpoint\":\"m\",\"width_medium\":\"1-2\"},\"children\":[{\"type\":\"grid\",\"props\":{\"content_column_breakpoint\":\"m\",\"content_style\":\"text-lead\",\"filter_align\":\"left\",\"filter_all\":true,\"filter_grid_breakpoint\":\"m\",\"filter_grid_width\":\"auto\",\"filter_position\":\"top\",\"filter_style\":\"tab\",\"grid_default\":\"1\",\"grid_medium\":\"1\",\"icon_width\":80,\"image_align\":\"top\",\"image_grid_breakpoint\":\"m\",\"image_grid_width\":\"1-2\",\"image_svg_color\":\"emphasis\",\"image_width\":\"280\",\"item_animation\":true,\"link_style\":\"default\",\"link_text\":\"Read more\",\"margin\":\"default\",\"meta_align\":\"below-title\",\"meta_color\":\"muted\",\"meta_element\":\"div\",\"meta_margin\":\"small\",\"meta_style\":\"h4\",\"parallax_easing\":\"1\",\"show_content\":true,\"show_image\":true,\"show_link\":true,\"show_meta\":true,\"show_title\":true,\"text_align\":\"center\",\"title_align\":\"top\",\"title_element\":\"h3\",\"title_grid_breakpoint\":\"m\",\"title_grid_width\":\"1-2\",\"title_hover_style\":\"reset\",\"title_style\":\"h2\"},\"children\":[{\"type\":\"grid_item\",\"props\":{\"content\":\"\",\"image\":\"wp-content\\\/uploads\\\/2023\\\/06\\\/kieserling_ansprechpartner_2.jpg\",\"meta\":\"Gesch\\u00e4ftsf\\u00fchrer\",\"title\":\"Ehsan Fard\"}}]}]}],\"props\":{\"layout\":\"1-2,1-2\"}}],\"name\":\"Products\"},{\"type\":\"section\",\"props\":{\"animation\":\"fade\",\"css\":\".el-element {\\n        background-image: linear-gradient(90deg, rgba(55,86,35,1) 0%, rgba(74,133,34,1) 100%);\\n       \\n}\",\"image_position\":\"center-center\",\"padding_remove_top\":false,\"style\":\"default\",\"title_breakpoint\":\"xl\",\"title_position\":\"top-left\",\"title_rotation\":\"left\",\"vertical_align\":\"\",\"width\":\"\"},\"children\":[{\"type\":\"row\",\"children\":[{\"type\":\"column\",\"props\":{\"image_position\":\"center-center\",\"padding\":\"large\",\"position_sticky_breakpoint\":\"m\",\"text_color\":\"light\",\"vertical_align\":\"middle\"},\"children\":[{\"type\":\"headline\",\"props\":{\"animation\":\"slide-top-small\",\"content\":\"KIESERLING CONTRACT &amp; LOGISTICS\",\"title_color\":\"secondary\",\"title_element\":\"h2\",\"title_style\":\"h4\"}},{\"type\":\"headline\",\"props\":{\"animation\":\"slide-bottom-small\",\"block_align\":\"center\",\"content\":\"Sie m\\u00f6chten mehr erfahren? Nutzen Sie unser Kontaktformular.\",\"css\":\".el-element {\\n    text-transform: uppercase;\\n    font-weight: bold;\\n}\",\"margin\":\"default\",\"margin_remove_bottom\":true,\"title_element\":\"div\",\"title_style\":\"h1\"}},{\"type\":\"text\",\"props\":{\"block_align\":\"center\",\"block_align_breakpoint\":\"m\",\"block_align_fallback\":\"center\",\"column_breakpoint\":\"m\",\"content\":\"\n\n<p>[contact-form-7 id=\\\"182\\\" title=\\\"Kontaktformular 1\\\" html_id=\\\"contact-form-7\\\"]<\\\/p>\",\"css\":\"input[type=\\\"text\\\"],\\ninput[type=\\\"email\\\"],\\ninput[type=\\\"tel\\\"]\\n{\\n    background-color: #fff;\\n    color: #333;\\n    border: 1px solid #dcdcdc;\\n    height: 30px;\\n    width: 95%;\\n    padding-left: 10px;\\n    font-size: 15px;\\n}\\n\\ntextarea\\n{\\n    border: 1px solid #dcdcdc;\\n    width: 95%;\\n    padding-left: 10px;\\n    padding-top: 10px;\\n    font-size: 15px;\\nfont-family: Roboto;\\n}\\n\\ninput[type=\\\"date\\\"] {\\n    \\n    border: 1px solid #dcdcdc;\\n    padding: 5px;\\n    font-family: Roboto;\\n    font-size: 15px;\\n    color: #7f7f7f;\\n}\\n\\nselect\\n{\\n    border: 1px solid #dcdcdc;\\n    padding: 8px;\\n    color: #7f7f7f;\\n}\\n\\n.wpcf7 .wpcf7-submit{\\n      border: 1px solid #004f90;\\n    background-color: #fff;\\n    padding: 15px;\\n    width: 20%;\\n    letter-spacing: 1px;\\n    font-size: 15px;\\n    font-weight: 400;\\n    color: #143848;\\n    transition: .1s ease-in-out;\\n}\\n\\n.wpcf7 .wpcf7-submit:hover{\\n    border: 1px solid #fff;\\n    background-color: #172335;\\n    padding: 15px;\\n    width: 20%;\\n    letter-spacing:1px;\\n        font-size: 15px;\\n    font-weight: 400;\\n    color: #fff;\\n    transition: .1s ease-in-out;\\n}\\n\\n\\n.wpcf7 div.wpcf7-response-output {\\nbackground-color:#044c86;\\nfont-size:18px;\\nborder:none;\\n}\",\"margin\":\"default\",\"maxwidth_breakpoint\":\"m\",\"text_align\":\"left\",\"text_align_breakpoint\":\"m\",\"text_align_fallback\":\"center\"}},{\"type\":\"html\",\"props\":{\"content\":\"<button form=\\\"contact-form-7\\\" type=\\\"submit\\\" class=\\\"el-content uk-button uk-button-secondary\\\">\\n    Senden\\n<\\\/button>\"}}]}],\"props\":{\"column_gap\":\"collapse\",\"row_gap\":\"collapse\",\"width\":\"default\"}}],\"name\":\"kontakt_kieserling\"}],\"type\":\"layout\",\"version\":\"4.4.4\"} --><\/p>\n","protected":false},"excerpt":{"rendered":"<p>SO ERREICHEN SIE UNS! Nach oben Kieserling Contract &amp; Logistics GmbHHeidenkampsweg 44 \u2013 4620097 Hamburg Kieserling Contract &amp; Logistics GmbHSachsen Str. 920097 Hamburg Tel: +49 (40) 2383079 10Tel: +49 176-11112800Email: Info_KCL@Kieserling.com Ehsan Fard Gesch\u00e4ftsf\u00fchrer KIESERLING CONTRACT &amp; LOGISTICS Sie m\u00f6chten mehr erfahren? Nutzen Sie unser Kontaktformular. Senden<\/p>\n","protected":false},"author":2,"featured_media":0,"parent":0,"menu_order":0,"comment_status":"closed","ping_status":"closed","template":"","meta":{"footnotes":""},"class_list":["post-1761","page","type-page","status-publish","hentry"],"yoast_head":"<!-- This site is optimized with the Yoast SEO plugin v21.7 - https:\/\/yoast.com\/wordpress\/plugins\/seo\/ -->\n<title>Kontakt - Kieserling Contract &amp; Logistics GmbH<\/title>\n<meta name=\"description\" content=\"So erreichen Sie uns: Rufen Sie uns an! Oder bevorzugen Sie den Schriftverkehr? Dann freuen wir uns auf Ihre Anfrage per E-Mail.\" \/>\n<meta name=\"robots\" content=\"index, follow, max-snippet:-1, max-image-preview:large, max-video-preview:-1\" \/>\n<link rel=\"canonical\" href=\"https:\/\/kieserling.de\/en\/kontakt\/\" \/>\n<meta property=\"og:locale\" content=\"en_US\" \/>\n<meta property=\"og:type\" content=\"article\" \/>\n<meta property=\"og:title\" content=\"Kontakt - Kieserling Contract &amp; Logistics GmbH\" \/>\n<meta property=\"og:description\" content=\"So erreichen Sie uns: Rufen Sie uns an! Oder bevorzugen Sie den Schriftverkehr? Dann freuen wir uns auf Ihre Anfrage per E-Mail.\" \/>\n<meta property=\"og:url\" content=\"https:\/\/kieserling.de\/en\/kontakt\/\" \/>\n<meta property=\"og:site_name\" content=\"Kieserling Contract &amp; Logistics GmbH\" \/>\n<meta property=\"article:modified_time\" content=\"2025-11-05T09:21:46+00:00\" \/>\n<meta name=\"twitter:card\" content=\"summary_large_image\" \/>\n<!-- \/ Yoast SEO plugin. -->","yoast_head_json":{"title":"Kontakt - Kieserling Contract &amp; Logistics GmbH","description":"So erreichen Sie uns: Rufen Sie uns an! Oder bevorzugen Sie den Schriftverkehr? Dann freuen wir uns auf Ihre Anfrage per E-Mail.","robots":{"index":"index","follow":"follow","max-snippet":"max-snippet:-1","max-image-preview":"max-image-preview:large","max-video-preview":"max-video-preview:-1"},"canonical":"https:\/\/kieserling.de\/en\/kontakt\/","og_locale":"en_US","og_type":"article","og_title":"Kontakt - Kieserling Contract &amp; Logistics GmbH","og_description":"So erreichen Sie uns: Rufen Sie uns an! Oder bevorzugen Sie den Schriftverkehr? Dann freuen wir uns auf Ihre Anfrage per E-Mail.","og_url":"https:\/\/kieserling.de\/en\/kontakt\/","og_site_name":"Kieserling Contract &amp; Logistics GmbH","article_modified_time":"2025-11-05T09:21:46+00:00","twitter_card":"summary_large_image","schema":{"@context":"https:\/\/schema.org","@graph":[{"@type":"WebPage","@id":"https:\/\/kieserling.de\/en\/kontakt\/","url":"https:\/\/kieserling.de\/en\/kontakt\/","name":"Kontakt - Kieserling Contract &amp; Logistics GmbH","isPartOf":{"@id":"https:\/\/kieserling.de\/en\/#website"},"datePublished":"2022-02-14T10:53:31+00:00","dateModified":"2025-11-05T09:21:46+00:00","description":"So erreichen Sie uns: Rufen Sie uns an! Oder bevorzugen Sie den Schriftverkehr? Dann freuen wir uns auf Ihre Anfrage per E-Mail.","breadcrumb":{"@id":"https:\/\/kieserling.de\/en\/kontakt\/#breadcrumb"},"inLanguage":"en-US","potentialAction":[{"@type":"ReadAction","target":["https:\/\/kieserling.de\/en\/kontakt\/"]}]},{"@type":"BreadcrumbList","@id":"https:\/\/kieserling.de\/en\/kontakt\/#breadcrumb","itemListElement":[{"@type":"ListItem","position":1,"name":"Startseite","item":"https:\/\/kieserling.de\/en\/"},{"@type":"ListItem","position":2,"name":"Kontakt"}]},{"@type":"WebSite","@id":"https:\/\/kieserling.de\/en\/#website","url":"https:\/\/kieserling.de\/en\/","name":"Kieserling Contract &amp; Logistics GmbH","description":"Kieserling Contract &amp; Logistics GmbH","publisher":{"@id":"https:\/\/kieserling.de\/en\/#organization"},"potentialAction":[{"@type":"SearchAction","target":{"@type":"EntryPoint","urlTemplate":"https:\/\/kieserling.de\/en\/?s={search_term_string}"},"query-input":"required name=search_term_string"}],"inLanguage":"en-US"},{"@type":"Organization","@id":"https:\/\/kieserling.de\/en\/#organization","name":"Kieserling Contract & Logistics GmbH","url":"https:\/\/kieserling.de\/en\/","logo":{"@type":"ImageObject","inLanguage":"en-US","@id":"https:\/\/kieserling.de\/en\/#\/schema\/logo\/image\/","url":"https:\/\/kieserling.lit-webhosting.gridventures.de\/wp-content\/uploads\/2023\/06\/LOGO-Kieserling.png","contentUrl":"https:\/\/kieserling.lit-webhosting.gridventures.de\/wp-content\/uploads\/2023\/06\/LOGO-Kieserling.png","width":345,"height":94,"caption":"Kieserling Contract & Logistics GmbH"},"image":{"@id":"https:\/\/kieserling.de\/en\/#\/schema\/logo\/image\/"}}]}},"_links":{"self":[{"href":"https:\/\/kieserling.de\/en\/wp-json\/wp\/v2\/pages\/1761","targetHints":{"allow":["GET"]}}],"collection":[{"href":"https:\/\/kieserling.de\/en\/wp-json\/wp\/v2\/pages"}],"about":[{"href":"https:\/\/kieserling.de\/en\/wp-json\/wp\/v2\/types\/page"}],"author":[{"embeddable":true,"href":"https:\/\/kieserling.de\/en\/wp-json\/wp\/v2\/users\/2"}],"replies":[{"embeddable":true,"href":"https:\/\/kieserling.de\/en\/wp-json\/wp\/v2\/comments?post=1761"}],"version-history":[{"count":25,"href":"https:\/\/kieserling.de\/en\/wp-json\/wp\/v2\/pages\/1761\/revisions"}],"predecessor-version":[{"id":2411,"href":"https:\/\/kieserling.de\/en\/wp-json\/wp\/v2\/pages\/1761\/revisions\/2411"}],"wp:attachment":[{"href":"https:\/\/kieserling.de\/en\/wp-json\/wp\/v2\/media?parent=1761"}],"curies":[{"name":"wp","href":"https:\/\/api.w.org\/{rel}","templated":true}]}}